{"id":173,"date":"2024-05-31T18:09:45","date_gmt":"2024-05-31T18:09:45","guid":{"rendered":"https:\/\/recaptable.es\/?page_id=173"},"modified":"2024-06-01T18:22:11","modified_gmt":"2024-06-01T18:22:11","slug":"elementor-173","status":"publish","type":"page","link":"https:\/\/recaptable.es\/?page_id=173","title":{"rendered":"blog 01 &#8211; the blog of the recycling clothes"},"content":{"rendered":"\t\t<div data-elementor-type=\"wp-page\" data-elementor-id=\"173\" class=\"elementor elementor-173\">\n\t\t\t\t<div class=\"elementor-element elementor-element-e75e738 e-flex e-con-boxed e-con e-parent\" data-id=\"e75e738\" data-element_type=\"container\">\n\t\t\t\t\t<div class=\"e-con-inner\">\n\t\t<div class=\"elementor-element elementor-element-029d4f0 e-flex e-con-boxed e-con e-child\" data-id=\"029d4f0\" data-element_type=\"container\">\n\t\t\t\t\t<div class=\"e-con-inner\">\n\t\t\t\t<div class=\"elementor-element elementor-element-086af9b elementor-widget elementor-widget-heading\" data-id=\"086af9b\" data-element_type=\"widget\" data-widget_type=\"heading.default\">\n\t\t\t\t<div class=\"elementor-widget-container\">\n\t\t\t<style>\/*! elementor - v3.21.0 - 26-05-2024 *\/\n.elementor-heading-title{padding:0;margin:0;line-height:1}.elementor-widget-heading .elementor-heading-title[class*=elementor-size-]>a{color:inherit;font-size:inherit;line-height:inherit}.elementor-widget-heading .elementor-heading-title.elementor-size-small{font-size:15px}.elementor-widget-heading .elementor-heading-title.elementor-size-medium{font-size:19px}.elementor-widget-heading .elementor-heading-title.elementor-size-large{font-size:29px}.elementor-widget-heading .elementor-heading-title.elementor-size-xl{font-size:39px}.elementor-widget-heading .elementor-heading-title.elementor-size-xxl{font-size:59px}<\/style><h2 class=\"elementor-heading-title elementor-size-default\">the blog of the recycling chotes<\/h2>\t\t<\/div>\n\t\t\t\t<\/div>\n\t\t\t\t\t<\/div>\n\t\t\t\t<\/div>\n\t\t\t\t<div class=\"elementor-element elementor-element-81781c9 elementor-widget elementor-widget-button\" data-id=\"81781c9\" data-element_type=\"widget\" data-widget_type=\"button.default\">\n\t\t\t\t<div class=\"elementor-widget-container\">\n\t\t\t\t\t<div class=\"elementor-button-wrapper\">\n\t\t\t<a class=\"elementor-button elementor-button-link elementor-size-sm elementor-animation-grow\" href=\"https:\/\/recaptable.es\/\">\n\t\t\t\t\t\t<span class=\"elementor-button-content-wrapper\">\n\t\t\t\t\t\t\t\t\t<span class=\"elementor-button-text\">Home<\/span>\n\t\t\t\t\t<\/span>\n\t\t\t\t\t<\/a>\n\t\t<\/div>\n\t\t\t\t<\/div>\n\t\t\t\t<\/div>\n\t\t\t\t<div class=\"elementor-element elementor-element-333fae8 elementor-widget-divider--view-line_icon elementor-view-default elementor-widget-divider--element-align-center elementor-widget elementor-widget-divider\" data-id=\"333fae8\" data-element_type=\"widget\" data-widget_type=\"divider.default\">\n\t\t\t\t<div class=\"elementor-widget-container\">\n\t\t\t<style>\/*! elementor - v3.21.0 - 26-05-2024 *\/\n.elementor-widget-divider{--divider-border-style:none;--divider-border-width:1px;--divider-color:#0c0d0e;--divider-icon-size:20px;--divider-element-spacing:10px;--divider-pattern-height:24px;--divider-pattern-size:20px;--divider-pattern-url:none;--divider-pattern-repeat:repeat-x}.elementor-widget-divider .elementor-divider{display:flex}.elementor-widget-divider .elementor-divider__text{font-size:15px;line-height:1;max-width:95%}.elementor-widget-divider .elementor-divider__element{margin:0 var(--divider-element-spacing);flex-shrink:0}.elementor-widget-divider .elementor-icon{font-size:var(--divider-icon-size)}.elementor-widget-divider .elementor-divider-separator{display:flex;margin:0;direction:ltr}.elementor-widget-divider--view-line_icon .elementor-divider-separator,.elementor-widget-divider--view-line_text .elementor-divider-separator{align-items:center}.elementor-widget-divider--view-line_icon .elementor-divider-separator:after,.elementor-widget-divider--view-line_icon .elementor-divider-separator:before,.elementor-widget-divider--view-line_text .elementor-divider-separator:after,.elementor-widget-divider--view-line_text .elementor-divider-separator:before{display:block;content:\"\";border-block-end:0;flex-grow:1;border-block-start:var(--divider-border-width) var(--divider-border-style) var(--divider-color)}.elementor-widget-divider--element-align-left .elementor-divider .elementor-divider-separator>.elementor-divider__svg:first-of-type{flex-grow:0;flex-shrink:100}.elementor-widget-divider--element-align-left .elementor-divider-separator:before{content:none}.elementor-widget-divider--element-align-left .elementor-divider__element{margin-left:0}.elementor-widget-divider--element-align-right .elementor-divider .elementor-divider-separator>.elementor-divider__svg:last-of-type{flex-grow:0;flex-shrink:100}.elementor-widget-divider--element-align-right .elementor-divider-separator:after{content:none}.elementor-widget-divider--element-align-right .elementor-divider__element{margin-right:0}.elementor-widget-divider--element-align-start .elementor-divider .elementor-divider-separator>.elementor-divider__svg:first-of-type{flex-grow:0;flex-shrink:100}.elementor-widget-divider--element-align-start .elementor-divider-separator:before{content:none}.elementor-widget-divider--element-align-start .elementor-divider__element{margin-inline-start:0}.elementor-widget-divider--element-align-end .elementor-divider .elementor-divider-separator>.elementor-divider__svg:last-of-type{flex-grow:0;flex-shrink:100}.elementor-widget-divider--element-align-end .elementor-divider-separator:after{content:none}.elementor-widget-divider--element-align-end .elementor-divider__element{margin-inline-end:0}.elementor-widget-divider:not(.elementor-widget-divider--view-line_text):not(.elementor-widget-divider--view-line_icon) .elementor-divider-separator{border-block-start:var(--divider-border-width) var(--divider-border-style) var(--divider-color)}.elementor-widget-divider--separator-type-pattern{--divider-border-style:none}.elementor-widget-divider--separator-type-pattern.elementor-widget-divider--view-line .elementor-divider-separator,.elementor-widget-divider--separator-type-pattern:not(.elementor-widget-divider--view-line) .elementor-divider-separator:after,.elementor-widget-divider--separator-type-pattern:not(.elementor-widget-divider--view-line) .elementor-divider-separator:before,.elementor-widget-divider--separator-type-pattern:not([class*=elementor-widget-divider--view]) .elementor-divider-separator{width:100%;min-height:var(--divider-pattern-height);-webkit-mask-size:var(--divider-pattern-size) 100%;mask-size:var(--divider-pattern-size) 100%;-webkit-mask-repeat:var(--divider-pattern-repeat);mask-repeat:var(--divider-pattern-repeat);background-color:var(--divider-color);-webkit-mask-image:var(--divider-pattern-url);mask-image:var(--divider-pattern-url)}.elementor-widget-divider--no-spacing{--divider-pattern-size:auto}.elementor-widget-divider--bg-round{--divider-pattern-repeat:round}.rtl .elementor-widget-divider .elementor-divider__text{direction:rtl}.e-con-inner>.elementor-widget-divider,.e-con>.elementor-widget-divider{width:var(--container-widget-width,100%);--flex-grow:var(--container-widget-flex-grow)}<\/style>\t\t<div class=\"elementor-divider\">\n\t\t\t<span class=\"elementor-divider-separator\">\n\t\t\t\t\t\t\t<div class=\"elementor-icon elementor-divider__element\">\n\t\t\t\t\t<svg aria-hidden=\"true\" class=\"e-font-icon-svg e-fas-recycle\" viewBox=\"0 0 512 512\" xmlns=\"http:\/\/www.w3.org\/2000\/svg\"><path d=\"M184.561 261.903c3.232 13.997-12.123 24.635-24.068 17.168l-40.736-25.455-50.867 81.402C55.606 356.273 70.96 384 96.012 384H148c6.627 0 12 5.373 12 12v40c0 6.627-5.373 12-12 12H96.115c-75.334 0-121.302-83.048-81.408-146.88l50.822-81.388-40.725-25.448c-12.081-7.547-8.966-25.961 4.879-29.158l110.237-25.45c8.611-1.988 17.201 3.381 19.189 11.99l25.452 110.237zm98.561-182.915l41.289 66.076-40.74 25.457c-12.051 7.528-9 25.953 4.879 29.158l110.237 25.45c8.672 1.999 17.215-3.438 19.189-11.99l25.45-110.237c3.197-13.844-11.99-24.719-24.068-17.168l-40.687 25.424-41.263-66.082c-37.521-60.033-125.209-60.171-162.816 0l-17.963 28.766c-3.51 5.62-1.8 13.021 3.82 16.533l33.919 21.195c5.62 3.512 13.024 1.803 16.536-3.817l17.961-28.743c12.712-20.341 41.973-19.676 54.257-.022zM497.288 301.12l-27.515-44.065c-3.511-5.623-10.916-7.334-16.538-3.821l-33.861 21.159c-5.62 3.512-7.33 10.915-3.818 16.536l27.564 44.112c13.257 21.211-2.057 48.96-27.136 48.96H320V336.02c0-14.213-17.242-21.383-27.313-11.313l-80 79.981c-6.249 6.248-6.249 16.379 0 22.627l80 79.989C302.689 517.308 320 510.3 320 495.989V448h95.88c75.274 0 121.335-82.997 81.408-146.88z\"><\/path><\/svg><\/div>\n\t\t\t\t\t\t<\/span>\n\t\t<\/div>\n\t\t\t\t<\/div>\n\t\t\t\t<\/div>\n\t\t\t\t<div class=\"elementor-element elementor-element-0a5b438 elementor-widget elementor-widget-heading\" data-id=\"0a5b438\" data-element_type=\"widget\" data-widget_type=\"heading.default\">\n\t\t\t\t<div class=\"elementor-widget-container\">\n\t\t\t<h2 class=\"elementor-heading-title elementor-size-default\">Adoptando la Econom\u00eda Circular en la Industria Textil<\/h2>\t\t<\/div>\n\t\t\t\t<\/div>\n\t\t\t\t<div class=\"elementor-element elementor-element-4b0d3bf elementor-widget elementor-widget-text-editor\" data-id=\"4b0d3bf\" data-element_type=\"widget\" data-widget_type=\"text-editor.default\">\n\t\t\t\t<div class=\"elementor-widget-container\">\n\t\t\t<style>\/*! elementor - v3.21.0 - 26-05-2024 *\/\n.elementor-widget-text-editor.elementor-drop-cap-view-stacked .elementor-drop-cap{background-color:#69727d;color:#fff}.elementor-widget-text-editor.elementor-drop-cap-view-framed .elementor-drop-cap{color:#69727d;border:3px solid;background-color:transparent}.elementor-widget-text-editor:not(.elementor-drop-cap-view-default) .elementor-drop-cap{margin-top:8px}.elementor-widget-text-editor:not(.elementor-drop-cap-view-default) .elementor-drop-cap-letter{width:1em;height:1em}.elementor-widget-text-editor .elementor-drop-cap{float:left;text-align:center;line-height:1;font-size:50px}.elementor-widget-text-editor .elementor-drop-cap-letter{display:inline-block}<\/style>\t\t\t\t<h3><span style=\"color: #3f3f3f; font-family: 'Fira Sans', sans-serif; font-size: 18px; font-weight: 400; text-align: var(--text-align);\">La econom\u00eda circular es un enfoque revolucionario que busca transformar nuestra relaci\u00f3n con los recursos naturales, especialmente en la industria textil. En lugar de seguir el modelo tradicional de &#8220;usar y tirar&#8221;, la econom\u00eda circular propone un ciclo continuo de reutilizaci\u00f3n, reparaci\u00f3n y reciclaje de productos, prolongando su vida \u00fatil y reduciendo el desperdicio.<\/span><\/h3><h4><span style=\"color: #3f3f3f; font-family: 'Fira Sans', sans-serif; font-size: 18px; font-weight: 400; text-align: var(--text-align);\">Implementar la econom\u00eda circular en la moda puede reducir dr\u00e1sticamente la cantidad de residuos textiles que terminan en vertederos. Al reutilizar y reciclar materiales, se disminuye la necesidad de producir nuevas fibras, lo que a su vez reduce el consumo de agua y energ\u00eda, y minimiza las emisiones de carbono.<\/span><\/h4><h4><span style=\"color: #3f3f3f; font-family: 'Fira Sans', sans-serif; font-size: 18px; font-weight: 400; text-align: var(--text-align);\">La transici\u00f3n hacia una econom\u00eda circular crea nuevas oportunidades econ\u00f3micas. Desde la recolecci\u00f3n y clasificaci\u00f3n de textiles usados hasta la innovaci\u00f3n en materiales reciclados, surgen nuevos empleos y negocios sostenibles. Este modelo econ\u00f3mico fomenta un crecimiento m\u00e1s resiliente y respetuoso con el medio ambiente.<\/span><\/h4><h4><span style=\"color: #3f3f3f; font-family: 'Fira Sans', sans-serif; font-size: 18px; font-weight: 400; text-align: var(--text-align);\">Como consumidores, podemos contribuir adoptando h\u00e1bitos m\u00e1s sostenibles, como comprar ropa de segunda mano, participar en programas de reciclaje y optar por marcas que promuevan la sostenibilidad. Cada elecci\u00f3n consciente ayuda a construir un futuro m\u00e1s verde y equilibrado.<\/span><\/h4><h4><span style=\"color: #3f3f3f; font-family: 'Fira Sans', sans-serif; font-size: 18px; font-weight: 400; text-align: var(--text-align);\">Los dise\u00f1adores juegan un papel crucial al integrar principios de econom\u00eda circular en sus creaciones. Dise\u00f1ar productos con materiales reciclables, fomentar la reparabilidad y la durabilidad de las prendas son pasos esenciales para cerrar el ciclo.<\/span><\/h4><h3><span style=\"color: #3f3f3f; font-family: 'Fira Sans', sans-serif; font-size: 18px; font-weight: 400; text-align: var(--text-align);\">La econom\u00eda circular no es solo una tendencia; es una necesidad urgente para asegurar la sostenibilidad de nuestro planeta. Al adoptar este modelo, la industria textil puede liderar el camino hacia un futuro m\u00e1s responsable y consciente.<\/span><\/h3>\t\t\t\t\t\t<\/div>\n\t\t\t\t<\/div>\n\t\t\t\t\t<\/div>\n\t\t\t\t<\/div>\n\t\t<div class=\"elementor-element elementor-element-724dba8 e-flex e-con-boxed e-con e-parent\" data-id=\"724dba8\" data-element_type=\"container\">\n\t\t\t\t\t<div class=\"e-con-inner\">\n\t\t\t\t<div class=\"elementor-element elementor-element-101b7d5 elementor-widget elementor-widget-spacer\" data-id=\"101b7d5\" data-element_type=\"widget\" data-widget_type=\"spacer.default\">\n\t\t\t\t<div class=\"elementor-widget-container\">\n\t\t\t<style>\/*! elementor - v3.21.0 - 26-05-2024 *\/\n.elementor-column .elementor-spacer-inner{height:var(--spacer-size)}.e-con{--container-widget-width:100%}.e-con-inner>.elementor-widget-spacer,.e-con>.elementor-widget-spacer{width:var(--container-widget-width,var(--spacer-size));--align-self:var(--container-widget-align-self,initial);--flex-shrink:0}.e-con-inner>.elementor-widget-spacer>.elementor-widget-container,.e-con>.elementor-widget-spacer>.elementor-widget-container{height:100%;width:100%}.e-con-inner>.elementor-widget-spacer>.elementor-widget-container>.elementor-spacer,.e-con>.elementor-widget-spacer>.elementor-widget-container>.elementor-spacer{height:100%}.e-con-inner>.elementor-widget-spacer>.elementor-widget-container>.elementor-spacer>.elementor-spacer-inner,.e-con>.elementor-widget-spacer>.elementor-widget-container>.elementor-spacer>.elementor-spacer-inner{height:var(--container-widget-height,var(--spacer-size))}.e-con-inner>.elementor-widget-spacer.elementor-widget-empty,.e-con>.elementor-widget-spacer.elementor-widget-empty{position:relative;min-height:22px;min-width:22px}.e-con-inner>.elementor-widget-spacer.elementor-widget-empty .elementor-widget-empty-icon,.e-con>.elementor-widget-spacer.elementor-widget-empty .elementor-widget-empty-icon{position:absolute;top:0;bottom:0;left:0;right:0;margin:auto;padding:0;width:22px;height:22px}<\/style>\t\t<div class=\"elementor-spacer\">\n\t\t\t<div class=\"elementor-spacer-inner\"><\/div>\n\t\t<\/div>\n\t\t\t\t<\/div>\n\t\t\t\t<\/div>\n\t\t\t\t<div class=\"elementor-element elementor-element-a35c1dc elementor-widget elementor-widget-image\" data-id=\"a35c1dc\" data-element_type=\"widget\" data-widget_type=\"image.default\">\n\t\t\t\t<div class=\"elementor-widget-container\">\n\t\t\t<style>\/*! elementor - v3.21.0 - 26-05-2024 *\/\n.elementor-widget-image{text-align:center}.elementor-widget-image a{display:inline-block}.elementor-widget-image a img[src$=\".svg\"]{width:48px}.elementor-widget-image img{vertical-align:middle;display:inline-block}<\/style>\t\t\t\t\t\t\t\t\t\t<img fetchpriority=\"high\" decoding=\"async\" width=\"665\" height=\"154\" src=\"https:\/\/i0.wp.com\/recaptable.es\/wp-content\/uploads\/2024\/06\/Recurso-5LOGO-ROJO-RECAPTABLE.png?fit=665%2C154&amp;ssl=1\" class=\"attachment-full size-full wp-image-255\" alt=\"recaptable. brand footer\" srcset=\"https:\/\/i0.wp.com\/recaptable.es\/wp-content\/uploads\/2024\/06\/Recurso-5LOGO-ROJO-RECAPTABLE.png?w=665&amp;ssl=1 665w, https:\/\/i0.wp.com\/recaptable.es\/wp-content\/uploads\/2024\/06\/Recurso-5LOGO-ROJO-RECAPTABLE.png?resize=300%2C69&amp;ssl=1 300w, https:\/\/i0.wp.com\/recaptable.es\/wp-content\/uploads\/2024\/06\/Recurso-5LOGO-ROJO-RECAPTABLE.png?resize=600%2C139&amp;ssl=1 600w\" sizes=\"(max-width: 665px) 100vw, 665px\" \/>\t\t\t\t\t\t\t\t\t\t\t\t\t<\/div>\n\t\t\t\t<\/div>\n\t\t\t\t\t<\/div>\n\t\t\t\t<\/div>\n\t\t\t\t<\/div>\n\t\t","protected":false},"excerpt":{"rendered":"<p>the blog of the recycling chotes Home Adoptando la Econom\u00eda Circular en la Industria Textil La econom\u00eda circular es un enfoque revolucionario que busca transformar nuestra relaci\u00f3n con los recursos<\/p>\n","protected":false},"author":1,"featured_media":176,"parent":0,"menu_order":0,"comment_status":"closed","ping_status":"closed","template":"","meta":{"footnotes":""},"class_list":["post-173","page","type-page","status-publish","has-post-thumbnail","hentry"],"yoast_head":"<!-- This site is optimized with the Yoast SEO plugin v22.8 - https:\/\/yoast.com\/wordpress\/plugins\/seo\/ -->\n<title>blog 01 - the blog of the recycling clothes - Recaptable, recycling clothes<\/title>\n<meta name=\"robots\" content=\"index, follow, max-snippet:-1, max-image-preview:large, max-video-preview:-1\" \/>\n<link rel=\"canonical\" href=\"https:\/\/recaptable.es\/?page_id=173\" \/>\n<meta property=\"og:locale\" content=\"en_US\" \/>\n<meta property=\"og:type\" content=\"article\" \/>\n<meta property=\"og:title\" content=\"blog 01 - the blog of the recycling clothes - Recaptable, recycling clothes\" \/>\n<meta property=\"og:description\" content=\"the blog of the recycling chotes Home Adoptando la Econom\u00eda Circular en la Industria Textil La econom\u00eda circular es un enfoque revolucionario que busca transformar nuestra relaci\u00f3n con los recursos\" \/>\n<meta property=\"og:url\" content=\"https:\/\/recaptable.es\/?page_id=173\" \/>\n<meta property=\"og:site_name\" content=\"Recaptable, recycling clothes\" \/>\n<meta property=\"article:modified_time\" content=\"2024-06-01T18:22:11+00:00\" \/>\n<meta property=\"og:image\" content=\"https:\/\/recaptable.es\/wp-content\/uploads\/2024\/05\/Banner-web-recaptable-economia-circular.webp\" \/>\n\t<meta property=\"og:image:width\" content=\"1792\" \/>\n\t<meta property=\"og:image:height\" content=\"1024\" \/>\n\t<meta property=\"og:image:type\" content=\"image\/webp\" \/>\n<meta name=\"twitter:card\" content=\"summary_large_image\" \/>\n<meta name=\"twitter:label1\" content=\"Est. reading time\" \/>\n\t<meta name=\"twitter:data1\" content=\"2 minutes\" \/>\n<script type=\"application\/ld+json\" class=\"yoast-schema-graph\">{\"@context\":\"https:\/\/schema.org\",\"@graph\":[{\"@type\":\"WebPage\",\"@id\":\"https:\/\/recaptable.es\/?page_id=173\",\"url\":\"https:\/\/recaptable.es\/?page_id=173\",\"name\":\"blog 01 - the blog of the recycling clothes - Recaptable, recycling clothes\",\"isPartOf\":{\"@id\":\"https:\/\/recaptable.es\/#website\"},\"primaryImageOfPage\":{\"@id\":\"https:\/\/recaptable.es\/?page_id=173#primaryimage\"},\"image\":{\"@id\":\"https:\/\/recaptable.es\/?page_id=173#primaryimage\"},\"thumbnailUrl\":\"https:\/\/i0.wp.com\/recaptable.es\/wp-content\/uploads\/2024\/05\/Banner-web-recaptable-economia-circular.webp?fit=1792%2C1024&ssl=1\",\"datePublished\":\"2024-05-31T18:09:45+00:00\",\"dateModified\":\"2024-06-01T18:22:11+00:00\",\"breadcrumb\":{\"@id\":\"https:\/\/recaptable.es\/?page_id=173#breadcrumb\"},\"inLanguage\":\"en-US\",\"potentialAction\":[{\"@type\":\"ReadAction\",\"target\":[\"https:\/\/recaptable.es\/?page_id=173\"]}]},{\"@type\":\"ImageObject\",\"inLanguage\":\"en-US\",\"@id\":\"https:\/\/recaptable.es\/?page_id=173#primaryimage\",\"url\":\"https:\/\/i0.wp.com\/recaptable.es\/wp-content\/uploads\/2024\/05\/Banner-web-recaptable-economia-circular.webp?fit=1792%2C1024&ssl=1\",\"contentUrl\":\"https:\/\/i0.wp.com\/recaptable.es\/wp-content\/uploads\/2024\/05\/Banner-web-recaptable-economia-circular.webp?fit=1792%2C1024&ssl=1\",\"width\":1792,\"height\":1024},{\"@type\":\"BreadcrumbList\",\"@id\":\"https:\/\/recaptable.es\/?page_id=173#breadcrumb\",\"itemListElement\":[{\"@type\":\"ListItem\",\"position\":1,\"name\":\"Home\",\"item\":\"https:\/\/recaptable.es\/\"},{\"@type\":\"ListItem\",\"position\":2,\"name\":\"blog 01 &#8211; the blog of the recycling clothes\"}]},{\"@type\":\"WebSite\",\"@id\":\"https:\/\/recaptable.es\/#website\",\"url\":\"https:\/\/recaptable.es\/\",\"name\":\"Recaptable\",\"description\":\"recycling clothes, creating new stories.\",\"publisher\":{\"@id\":\"https:\/\/recaptable.es\/#organization\"},\"potentialAction\":[{\"@type\":\"SearchAction\",\"target\":{\"@type\":\"EntryPoint\",\"urlTemplate\":\"https:\/\/recaptable.es\/?s={search_term_string}\"},\"query-input\":\"required name=search_term_string\"}],\"inLanguage\":\"en-US\"},{\"@type\":\"Organization\",\"@id\":\"https:\/\/recaptable.es\/#organization\",\"name\":\"Recaptable, recycling clothes\",\"url\":\"https:\/\/recaptable.es\/\",\"logo\":{\"@type\":\"ImageObject\",\"inLanguage\":\"en-US\",\"@id\":\"https:\/\/recaptable.es\/#\/schema\/logo\/image\/\",\"url\":\"https:\/\/recaptable.es\/wp-content\/uploads\/2024\/04\/cropped-Recaptable-logo-1.png\",\"contentUrl\":\"https:\/\/recaptable.es\/wp-content\/uploads\/2024\/04\/cropped-Recaptable-logo-1.png\",\"width\":512,\"height\":512,\"caption\":\"Recaptable, recycling clothes\"},\"image\":{\"@id\":\"https:\/\/recaptable.es\/#\/schema\/logo\/image\/\"}}]}<\/script>\n<!-- \/ Yoast SEO plugin. -->","yoast_head_json":{"title":"blog 01 - the blog of the recycling clothes - Recaptable, recycling clothes","robots":{"index":"index","follow":"follow","max-snippet":"max-snippet:-1","max-image-preview":"max-image-preview:large","max-video-preview":"max-video-preview:-1"},"canonical":"https:\/\/recaptable.es\/?page_id=173","og_locale":"en_US","og_type":"article","og_title":"blog 01 - the blog of the recycling clothes - Recaptable, recycling clothes","og_description":"the blog of the recycling chotes Home Adoptando la Econom\u00eda Circular en la Industria Textil La econom\u00eda circular es un enfoque revolucionario que busca transformar nuestra relaci\u00f3n con los recursos","og_url":"https:\/\/recaptable.es\/?page_id=173","og_site_name":"Recaptable, recycling clothes","article_modified_time":"2024-06-01T18:22:11+00:00","og_image":[{"width":1792,"height":1024,"url":"https:\/\/recaptable.es\/wp-content\/uploads\/2024\/05\/Banner-web-recaptable-economia-circular.webp","type":"image\/webp"}],"twitter_card":"summary_large_image","twitter_misc":{"Est. reading time":"2 minutes"},"schema":{"@context":"https:\/\/schema.org","@graph":[{"@type":"WebPage","@id":"https:\/\/recaptable.es\/?page_id=173","url":"https:\/\/recaptable.es\/?page_id=173","name":"blog 01 - the blog of the recycling clothes - Recaptable, recycling clothes","isPartOf":{"@id":"https:\/\/recaptable.es\/#website"},"primaryImageOfPage":{"@id":"https:\/\/recaptable.es\/?page_id=173#primaryimage"},"image":{"@id":"https:\/\/recaptable.es\/?page_id=173#primaryimage"},"thumbnailUrl":"https:\/\/i0.wp.com\/recaptable.es\/wp-content\/uploads\/2024\/05\/Banner-web-recaptable-economia-circular.webp?fit=1792%2C1024&ssl=1","datePublished":"2024-05-31T18:09:45+00:00","dateModified":"2024-06-01T18:22:11+00:00","breadcrumb":{"@id":"https:\/\/recaptable.es\/?page_id=173#breadcrumb"},"inLanguage":"en-US","potentialAction":[{"@type":"ReadAction","target":["https:\/\/recaptable.es\/?page_id=173"]}]},{"@type":"ImageObject","inLanguage":"en-US","@id":"https:\/\/recaptable.es\/?page_id=173#primaryimage","url":"https:\/\/i0.wp.com\/recaptable.es\/wp-content\/uploads\/2024\/05\/Banner-web-recaptable-economia-circular.webp?fit=1792%2C1024&ssl=1","contentUrl":"https:\/\/i0.wp.com\/recaptable.es\/wp-content\/uploads\/2024\/05\/Banner-web-recaptable-economia-circular.webp?fit=1792%2C1024&ssl=1","width":1792,"height":1024},{"@type":"BreadcrumbList","@id":"https:\/\/recaptable.es\/?page_id=173#breadcrumb","itemListElement":[{"@type":"ListItem","position":1,"name":"Home","item":"https:\/\/recaptable.es\/"},{"@type":"ListItem","position":2,"name":"blog 01 &#8211; the blog of the recycling clothes"}]},{"@type":"WebSite","@id":"https:\/\/recaptable.es\/#website","url":"https:\/\/recaptable.es\/","name":"Recaptable","description":"recycling clothes, creating new stories.","publisher":{"@id":"https:\/\/recaptable.es\/#organization"},"potentialAction":[{"@type":"SearchAction","target":{"@type":"EntryPoint","urlTemplate":"https:\/\/recaptable.es\/?s={search_term_string}"},"query-input":"required name=search_term_string"}],"inLanguage":"en-US"},{"@type":"Organization","@id":"https:\/\/recaptable.es\/#organization","name":"Recaptable, recycling clothes","url":"https:\/\/recaptable.es\/","logo":{"@type":"ImageObject","inLanguage":"en-US","@id":"https:\/\/recaptable.es\/#\/schema\/logo\/image\/","url":"https:\/\/recaptable.es\/wp-content\/uploads\/2024\/04\/cropped-Recaptable-logo-1.png","contentUrl":"https:\/\/recaptable.es\/wp-content\/uploads\/2024\/04\/cropped-Recaptable-logo-1.png","width":512,"height":512,"caption":"Recaptable, recycling clothes"},"image":{"@id":"https:\/\/recaptable.es\/#\/schema\/logo\/image\/"}}]}},"jetpack_sharing_enabled":true,"_links":{"self":[{"href":"https:\/\/recaptable.es\/index.php?rest_route=\/wp\/v2\/pages\/173","targetHints":{"allow":["GET"]}}],"collection":[{"href":"https:\/\/recaptable.es\/index.php?rest_route=\/wp\/v2\/pages"}],"about":[{"href":"https:\/\/recaptable.es\/index.php?rest_route=\/wp\/v2\/types\/page"}],"author":[{"embeddable":true,"href":"https:\/\/recaptable.es\/index.php?rest_route=\/wp\/v2\/users\/1"}],"replies":[{"embeddable":true,"href":"https:\/\/recaptable.es\/index.php?rest_route=%2Fwp%2Fv2%2Fcomments&post=173"}],"version-history":[{"count":48,"href":"https:\/\/recaptable.es\/index.php?rest_route=\/wp\/v2\/pages\/173\/revisions"}],"predecessor-version":[{"id":438,"href":"https:\/\/recaptable.es\/index.php?rest_route=\/wp\/v2\/pages\/173\/revisions\/438"}],"wp:featuredmedia":[{"embeddable":true,"href":"https:\/\/recaptable.es\/index.php?rest_route=\/wp\/v2\/media\/176"}],"wp:attachment":[{"href":"https:\/\/recaptable.es\/index.php?rest_route=%2Fwp%2Fv2%2Fmedia&parent=173"}],"curies":[{"name":"wp","href":"https:\/\/api.w.org\/{rel}","templated":true}]}}